{"id":89,"date":"2026-04-24T16:55:48","date_gmt":"2026-04-24T14:55:48","guid":{"rendered":"https:\/\/spamclean.ch\/?page_id=89"},"modified":"2026-04-24T16:56:58","modified_gmt":"2026-04-24T14:56:58","slug":"impressum","status":"publish","type":"page","link":"https:\/\/spamclean.ch\/?page_id=89","title":{"rendered":"Impressum"},"content":{"rendered":"\n<p>SPAMClean ist eine Marke der SYSTEM-CLINCH Internet Services GmbH<br>Z\u00fcrcherstr. 12, CH-8400 Winterthur<\/p>\n\n\n\n<p>UID: CHE-100.771.167<br>MWST: CHE-100.771.167 MWST<br>Gesch\u00e4ftsf\u00fchrer: Manuel Magnin<\/p>\n\n\n\n<p>Kontakt:<br>Mail: info@spamclean.ch<br>Tel.: +41 52 366 2222<\/p>\n","protected":false},"excerpt":{"rendered":"<p>SPAMClean ist eine Marke der SYSTEM-CLINCH Internet Services GmbHZ\u00fcrcherstr. 12, CH-8400 Winterthur UID: CHE-100.771.167MWST: CHE-100.771.167 MWSTGesch\u00e4ftsf\u00fchrer: Manuel Magnin Kontakt:Mail: info@spamclean.chTel.: [&hellip;]<\/p>\n","protected":false},"author":1,"featured_media":0,"parent":0,"menu_order":0,"comment_status":"closed","ping_status":"closed","template":"","meta":{"_monsterinsights_skip_tracking":false,"_monsterinsights_sitenote_active":false,"_monsterinsights_sitenote_note":"","_monsterinsights_sitenote_category":0,"site-sidebar-layout":"default","site-content-layout":"","ast-site-content-layout":"default","site-content-style":"default","site-sidebar-style":"default","ast-global-header-display":"","ast-banner-title-visibility":"","ast-main-header-display":"","ast-hfb-above-header-display":"","ast-hfb-below-header-display":"","ast-hfb-mobile-header-display":"","site-post-title":"","ast-breadcrumbs-content":"","ast-featured-img":"","footer-sml-layout":"","ast-disable-related-posts":"","theme-transparent-header-meta":"","adv-header-id-meta":"","stick-header-meta":"","header-above-stick-meta":"","header-main-stick-meta":"","header-below-stick-meta":"","astra-migrate-meta-layouts":"default","ast-page-background-enabled":"default","ast-page-background-meta":{"desktop":{"background-color":"var(--ast-global-color-5)","background-image":"","background-repeat":"repeat","background-position":"center center","background-size":"auto","background-attachment":"scroll","background-type":"","background-media":"","overlay-type":"","overlay-color":"","overlay-opacity":"","overlay-gradient":""},"tablet":{"background-color":"","background-image":"","background-repeat":"repeat","background-position":"center center","background-size":"auto","background-attachment":"scroll","background-type":"","background-media":"","overlay-type":"","overlay-color":"","overlay-opacity":"","overlay-gradient":""},"mobile":{"background-color":"","background-image":"","background-repeat":"repeat","background-position":"center center","background-size":"auto","background-attachment":"scroll","background-type":"","background-media":"","overlay-type":"","overlay-color":"","overlay-opacity":"","overlay-gradient":""}},"ast-content-background-meta":{"desktop":{"background-color":"var(--ast-global-color-4)","background-image":"","background-repeat":"repeat","background-position":"center center","background-size":"auto","background-attachment":"scroll","background-type":"","background-media":"","overlay-type":"","overlay-color":"","overlay-opacity":"","overlay-gradient":""},"tablet":{"background-color":"var(--ast-global-color-4)","background-image":"","background-repeat":"repeat","background-position":"center center","background-size":"auto","background-attachment":"scroll","background-type":"","background-media":"","overlay-type":"","overlay-color":"","overlay-opacity":"","overlay-gradient":""},"mobile":{"background-color":"var(--ast-global-color-4)","background-image":"","background-repeat":"repeat","background-position":"center center","background-size":"auto","background-attachment":"scroll","background-type":"","background-media":"","overlay-type":"","overlay-color":"","overlay-opacity":"","overlay-gradient":""}},"footnotes":""},"class_list":["post-89","page","type-page","status-publish","hentry"],"yoast_head":"<!-- This site is optimized with the Yoast SEO plugin v27.4 - https:\/\/yoast.com\/product\/yoast-seo-wordpress\/ -->\r\n<title>Impressum - SPAM-Clean IMAP SPAM Cleaner<\/title>\r\n<meta name=\"robots\" content=\"index, follow, max-snippet:-1, max-image-preview:large, max-video-preview:-1\" \/>\r\n<link rel=\"canonical\" href=\"https:\/\/spamclean.ch\/?page_id=89\" \/>\r\n<meta property=\"og:locale\" content=\"de_DE\" \/>\r\n<meta property=\"og:type\" content=\"article\" \/>\r\n<meta property=\"og:title\" content=\"Impressum - SPAM-Clean IMAP SPAM Cleaner\" \/>\r\n<meta property=\"og:description\" content=\"SPAMClean ist eine Marke der SYSTEM-CLINCH Internet Services GmbHZ\u00fcrcherstr. 12, CH-8400 Winterthur UID: CHE-100.771.167MWST: CHE-100.771.167 MWSTGesch\u00e4ftsf\u00fchrer: Manuel Magnin Kontakt:Mail: info@spamclean.chTel.: [&hellip;]\" \/>\r\n<meta property=\"og:url\" content=\"https:\/\/spamclean.ch\/?page_id=89\" \/>\r\n<meta property=\"og:site_name\" content=\"SPAM-Clean IMAP SPAM Cleaner\" \/>\r\n<meta property=\"article:modified_time\" content=\"2026-04-24T14:56:58+00:00\" \/>\r\n<meta name=\"twitter:card\" content=\"summary_large_image\" \/>\r\n<meta name=\"twitter:label1\" content=\"Gesch\u00e4tzte Lesezeit\" \/>\n\t<meta name=\"twitter:data1\" content=\"1\u00a0Minute\" \/>\r\n<script type=\"application\/ld+json\" class=\"yoast-schema-graph\">{\"@context\":\"https:\\\/\\\/schema.org\",\"@graph\":[{\"@type\":\"WebPage\",\"@id\":\"https:\\\/\\\/spamclean.ch\\\/?page_id=89\",\"url\":\"https:\\\/\\\/spamclean.ch\\\/?page_id=89\",\"name\":\"Impressum - SPAM-Clean IMAP SPAM Cleaner\",\"isPartOf\":{\"@id\":\"https:\\\/\\\/spamclean.ch\\\/#website\"},\"datePublished\":\"2026-04-24T14:55:48+00:00\",\"dateModified\":\"2026-04-24T14:56:58+00:00\",\"breadcrumb\":{\"@id\":\"https:\\\/\\\/spamclean.ch\\\/?page_id=89#breadcrumb\"},\"inLanguage\":\"de-CH\",\"potentialAction\":[{\"@type\":\"ReadAction\",\"target\":[\"https:\\\/\\\/spamclean.ch\\\/?page_id=89\"]}]},{\"@type\":\"BreadcrumbList\",\"@id\":\"https:\\\/\\\/spamclean.ch\\\/?page_id=89#breadcrumb\",\"itemListElement\":[{\"@type\":\"ListItem\",\"position\":1,\"name\":\"Startseite\",\"item\":\"https:\\\/\\\/spamclean.ch\\\/\"},{\"@type\":\"ListItem\",\"position\":2,\"name\":\"Impressum\"}]},{\"@type\":\"WebSite\",\"@id\":\"https:\\\/\\\/spamclean.ch\\\/#website\",\"url\":\"https:\\\/\\\/spamclean.ch\\\/\",\"name\":\"SPAM-Clean IMAP SPAM Cleaner\",\"description\":\"\",\"potentialAction\":[{\"@type\":\"SearchAction\",\"target\":{\"@type\":\"EntryPoint\",\"urlTemplate\":\"https:\\\/\\\/spamclean.ch\\\/?s={search_term_string}\"},\"query-input\":{\"@type\":\"PropertyValueSpecification\",\"valueRequired\":true,\"valueName\":\"search_term_string\"}}],\"inLanguage\":\"de-CH\"}]}<\/script>\r\n<!-- \/ Yoast SEO plugin. -->","yoast_head_json":{"title":"Impressum - SPAM-Clean IMAP SPAM Cleaner","robots":{"index":"index","follow":"follow","max-snippet":"max-snippet:-1","max-image-preview":"max-image-preview:large","max-video-preview":"max-video-preview:-1"},"canonical":"https:\/\/spamclean.ch\/?page_id=89","og_locale":"de_DE","og_type":"article","og_title":"Impressum - SPAM-Clean IMAP SPAM Cleaner","og_description":"SPAMClean ist eine Marke der SYSTEM-CLINCH Internet Services GmbHZ\u00fcrcherstr. 12, CH-8400 Winterthur UID: CHE-100.771.167MWST: CHE-100.771.167 MWSTGesch\u00e4ftsf\u00fchrer: Manuel Magnin Kontakt:Mail: info@spamclean.chTel.: [&hellip;]","og_url":"https:\/\/spamclean.ch\/?page_id=89","og_site_name":"SPAM-Clean IMAP SPAM Cleaner","article_modified_time":"2026-04-24T14:56:58+00:00","twitter_card":"summary_large_image","twitter_misc":{"Gesch\u00e4tzte Lesezeit":"1\u00a0Minute"},"schema":{"@context":"https:\/\/schema.org","@graph":[{"@type":"WebPage","@id":"https:\/\/spamclean.ch\/?page_id=89","url":"https:\/\/spamclean.ch\/?page_id=89","name":"Impressum - SPAM-Clean IMAP SPAM Cleaner","isPartOf":{"@id":"https:\/\/spamclean.ch\/#website"},"datePublished":"2026-04-24T14:55:48+00:00","dateModified":"2026-04-24T14:56:58+00:00","breadcrumb":{"@id":"https:\/\/spamclean.ch\/?page_id=89#breadcrumb"},"inLanguage":"de-CH","potentialAction":[{"@type":"ReadAction","target":["https:\/\/spamclean.ch\/?page_id=89"]}]},{"@type":"BreadcrumbList","@id":"https:\/\/spamclean.ch\/?page_id=89#breadcrumb","itemListElement":[{"@type":"ListItem","position":1,"name":"Startseite","item":"https:\/\/spamclean.ch\/"},{"@type":"ListItem","position":2,"name":"Impressum"}]},{"@type":"WebSite","@id":"https:\/\/spamclean.ch\/#website","url":"https:\/\/spamclean.ch\/","name":"SPAM-Clean IMAP SPAM Cleaner","description":"","potentialAction":[{"@type":"SearchAction","target":{"@type":"EntryPoint","urlTemplate":"https:\/\/spamclean.ch\/?s={search_term_string}"},"query-input":{"@type":"PropertyValueSpecification","valueRequired":true,"valueName":"search_term_string"}}],"inLanguage":"de-CH"}]}},"_links":{"self":[{"href":"https:\/\/spamclean.ch\/index.php?rest_route=\/wp\/v2\/pages\/89","targetHints":{"allow":["GET"]}}],"collection":[{"href":"https:\/\/spamclean.ch\/index.php?rest_route=\/wp\/v2\/pages"}],"about":[{"href":"https:\/\/spamclean.ch\/index.php?rest_route=\/wp\/v2\/types\/page"}],"author":[{"embeddable":true,"href":"https:\/\/spamclean.ch\/index.php?rest_route=\/wp\/v2\/users\/1"}],"replies":[{"embeddable":true,"href":"https:\/\/spamclean.ch\/index.php?rest_route=%2Fwp%2Fv2%2Fcomments&post=89"}],"version-history":[{"count":3,"href":"https:\/\/spamclean.ch\/index.php?rest_route=\/wp\/v2\/pages\/89\/revisions"}],"predecessor-version":[{"id":93,"href":"https:\/\/spamclean.ch\/index.php?rest_route=\/wp\/v2\/pages\/89\/revisions\/93"}],"wp:attachment":[{"href":"https:\/\/spamclean.ch\/index.php?rest_route=%2Fwp%2Fv2%2Fmedia&parent=89"}],"curies":[{"name":"wp","href":"https:\/\/api.w.org\/{rel}","templated":true}]}}